{"id":7,"date":"2024-04-30T18:43:15","date_gmt":"2024-04-30T18:43:15","guid":{"rendered":"https:\/\/osturlaub.com\/?page_id=7"},"modified":"2024-05-01T07:06:00","modified_gmt":"2024-05-01T06:06:00","slug":"home","status":"publish","type":"page","link":"https:\/\/osturlaub.com\/","title":{"rendered":"Home"},"content":{"rendered":"<p>Willkommen auf der Webseite f\u00fcr Reisen in den Osten. Hier finden Sie interessante Reiseziele f\u00fcr den Osten und den Norden von Deutschland. Als Erweiterung gibt es noch grenznahe Gebiete im Ausland, die Sie bei einem entsprechenden Urlaub leicht erreichen k\u00f6nnen.<\/p>\n","protected":false},"excerpt":{"rendered":"<p>Willkommen auf der Webseite f\u00fcr Reisen in den Osten. Hier finden Sie interessante Reiseziele f\u00fcr den Osten und den Norden von Deutschland. Als Erweiterung gibt es noch grenznahe Gebiete im Ausland, die Sie bei einem entsprechenden Urlaub leicht erreichen k\u00f6nnen.<\/p>\n","protected":false},"author":1,"featured_media":0,"parent":0,"menu_order":0,"comment_status":"closed","ping_status":"closed","template":"","meta":{"footnotes":""},"class_list":["post-7","page","type-page","status-publish","hentry"],"yoast_head":"<!-- This site is optimized with the Yoast SEO plugin v27.3 - https:\/\/yoast.com\/product\/yoast-seo-wordpress\/ -->\n<title>Osturlaub - Die Webseite f\u00fcr den Urlaub im Osten<\/title>\n<meta name=\"description\" content=\"Entdecke die sch\u00f6nsten Urlaubsziele in Ostdeutschland und nahem Ausland und genie\u00dfe unvergessliche Ferien in der Natur.\" \/>\n<meta name=\"robots\" content=\"index, follow, max-snippet:-1, max-image-preview:large, max-video-preview:-1\" \/>\n<link rel=\"canonical\" href=\"https:\/\/osturlaub.com\/\" \/>\n<meta property=\"og:locale\" content=\"de_DE\" \/>\n<meta property=\"og:type\" content=\"article\" \/>\n<meta property=\"og:title\" content=\"Osturlaub - Die Webseite f\u00fcr den Urlaub im Osten\" \/>\n<meta property=\"og:description\" content=\"Entdecke die sch\u00f6nsten Urlaubsziele in Ostdeutschland und nahem Ausland und genie\u00dfe unvergessliche Ferien in der Natur.\" \/>\n<meta property=\"og:url\" content=\"https:\/\/osturlaub.com\/\" \/>\n<meta property=\"og:site_name\" content=\"Osturlaub\" \/>\n<meta property=\"article:modified_time\" content=\"2024-05-01T06:06:00+00:00\" \/>\n<meta name=\"twitter:card\" content=\"summary_large_image\" \/>\n<meta name=\"twitter:label1\" content=\"Gesch\u00e4tzte Lesezeit\" \/>\n\t<meta name=\"twitter:data1\" content=\"1\u00a0Minute\" \/>\n<script type=\"application\/ld+json\" class=\"yoast-schema-graph\">{\"@context\":\"https:\\\/\\\/schema.org\",\"@graph\":[{\"@type\":\"WebPage\",\"@id\":\"https:\\\/\\\/osturlaub.com\\\/\",\"url\":\"https:\\\/\\\/osturlaub.com\\\/\",\"name\":\"Osturlaub - Die Webseite f\u00fcr den Urlaub im Osten\",\"isPartOf\":{\"@id\":\"https:\\\/\\\/osturlaub.com\\\/#website\"},\"datePublished\":\"2024-04-30T18:43:15+00:00\",\"dateModified\":\"2024-05-01T06:06:00+00:00\",\"description\":\"Entdecke die sch\u00f6nsten Urlaubsziele in Ostdeutschland und nahem Ausland und genie\u00dfe unvergessliche Ferien in der Natur.\",\"breadcrumb\":{\"@id\":\"https:\\\/\\\/osturlaub.com\\\/#breadcrumb\"},\"inLanguage\":\"de\",\"potentialAction\":[{\"@type\":\"ReadAction\",\"target\":[\"https:\\\/\\\/osturlaub.com\\\/\"]}]},{\"@type\":\"BreadcrumbList\",\"@id\":\"https:\\\/\\\/osturlaub.com\\\/#breadcrumb\",\"itemListElement\":[{\"@type\":\"ListItem\",\"position\":1,\"name\":\"Startseite\",\"item\":\"https:\\\/\\\/osturlaub.com\\\/\"},{\"@type\":\"ListItem\",\"position\":2,\"name\":\"Home\"}]},{\"@type\":\"WebSite\",\"@id\":\"https:\\\/\\\/osturlaub.com\\\/#website\",\"url\":\"https:\\\/\\\/osturlaub.com\\\/\",\"name\":\"Osturlaub\",\"description\":\"Ein Reiseportal optimiert f\u00fcr den Osten von Deutschland.\",\"potentialAction\":[{\"@type\":\"SearchAction\",\"target\":{\"@type\":\"EntryPoint\",\"urlTemplate\":\"https:\\\/\\\/osturlaub.com\\\/?s={search_term_string}\"},\"query-input\":{\"@type\":\"PropertyValueSpecification\",\"valueRequired\":true,\"valueName\":\"search_term_string\"}}],\"inLanguage\":\"de\"}]}<\/script>\n<!-- \/ Yoast SEO plugin. -->","yoast_head_json":{"title":"Osturlaub - Die Webseite f\u00fcr den Urlaub im Osten","description":"Entdecke die sch\u00f6nsten Urlaubsziele in Ostdeutschland und nahem Ausland und genie\u00dfe unvergessliche Ferien in der Natur.","robots":{"index":"index","follow":"follow","max-snippet":"max-snippet:-1","max-image-preview":"max-image-preview:large","max-video-preview":"max-video-preview:-1"},"canonical":"https:\/\/osturlaub.com\/","og_locale":"de_DE","og_type":"article","og_title":"Osturlaub - Die Webseite f\u00fcr den Urlaub im Osten","og_description":"Entdecke die sch\u00f6nsten Urlaubsziele in Ostdeutschland und nahem Ausland und genie\u00dfe unvergessliche Ferien in der Natur.","og_url":"https:\/\/osturlaub.com\/","og_site_name":"Osturlaub","article_modified_time":"2024-05-01T06:06:00+00:00","twitter_card":"summary_large_image","twitter_misc":{"Gesch\u00e4tzte Lesezeit":"1\u00a0Minute"},"schema":{"@context":"https:\/\/schema.org","@graph":[{"@type":"WebPage","@id":"https:\/\/osturlaub.com\/","url":"https:\/\/osturlaub.com\/","name":"Osturlaub - Die Webseite f\u00fcr den Urlaub im Osten","isPartOf":{"@id":"https:\/\/osturlaub.com\/#website"},"datePublished":"2024-04-30T18:43:15+00:00","dateModified":"2024-05-01T06:06:00+00:00","description":"Entdecke die sch\u00f6nsten Urlaubsziele in Ostdeutschland und nahem Ausland und genie\u00dfe unvergessliche Ferien in der Natur.","breadcrumb":{"@id":"https:\/\/osturlaub.com\/#breadcrumb"},"inLanguage":"de","potentialAction":[{"@type":"ReadAction","target":["https:\/\/osturlaub.com\/"]}]},{"@type":"BreadcrumbList","@id":"https:\/\/osturlaub.com\/#breadcrumb","itemListElement":[{"@type":"ListItem","position":1,"name":"Startseite","item":"https:\/\/osturlaub.com\/"},{"@type":"ListItem","position":2,"name":"Home"}]},{"@type":"WebSite","@id":"https:\/\/osturlaub.com\/#website","url":"https:\/\/osturlaub.com\/","name":"Osturlaub","description":"Ein Reiseportal optimiert f\u00fcr den Osten von Deutschland.","potentialAction":[{"@type":"SearchAction","target":{"@type":"EntryPoint","urlTemplate":"https:\/\/osturlaub.com\/?s={search_term_string}"},"query-input":{"@type":"PropertyValueSpecification","valueRequired":true,"valueName":"search_term_string"}}],"inLanguage":"de"}]}},"_links":{"self":[{"href":"https:\/\/osturlaub.com\/index.php?rest_route=\/wp\/v2\/pages\/7","targetHints":{"allow":["GET"]}}],"collection":[{"href":"https:\/\/osturlaub.com\/index.php?rest_route=\/wp\/v2\/pages"}],"about":[{"href":"https:\/\/osturlaub.com\/index.php?rest_route=\/wp\/v2\/types\/page"}],"author":[{"embeddable":true,"href":"https:\/\/osturlaub.com\/index.php?rest_route=\/wp\/v2\/users\/1"}],"replies":[{"embeddable":true,"href":"https:\/\/osturlaub.com\/index.php?rest_route=%2Fwp%2Fv2%2Fcomments&post=7"}],"version-history":[{"count":3,"href":"https:\/\/osturlaub.com\/index.php?rest_route=\/wp\/v2\/pages\/7\/revisions"}],"predecessor-version":[{"id":152,"href":"https:\/\/osturlaub.com\/index.php?rest_route=\/wp\/v2\/pages\/7\/revisions\/152"}],"wp:attachment":[{"href":"https:\/\/osturlaub.com\/index.php?rest_route=%2Fwp%2Fv2%2Fmedia&parent=7"}],"curies":[{"name":"wp","href":"https:\/\/api.w.org\/{rel}","templated":true}]}}